{"id":35,"date":"2015-08-13T20:07:34","date_gmt":"2015-08-13T20:07:34","guid":{"rendered":"http:\/\/xn--lhlein-motorrder-7nb52a.de\/?page_id=35"},"modified":"2015-08-14T17:56:49","modified_gmt":"2015-08-14T17:56:49","slug":"impressum","status":"publish","type":"page","link":"http:\/\/xn--lhlein-motorrder-7nb52a.de\/?page_id=35","title":{"rendered":"Impressum"},"content":{"rendered":"<p>L\u00f6hlein Motorrad Service<\/p>\n<p>Mengeder Stra\u00dfe 78<\/p>\n<p style=\"text-align: left;\">44536 L\u00fcnen-Brambauer<\/p>\n<p style=\"text-align: left;\">Tel. 0231\/8770126<\/p>\n<p style=\"text-align: left;\">Fax 0231\/7287507<\/p>\n<p style=\"text-align: left;\">Inhaber Kristina L\u00f6hlein<\/p>\n","protected":false},"excerpt":{"rendered":"<p>L\u00f6hlein Motorrad Service Mengeder Stra\u00dfe 78 44536 L\u00fcnen-Brambauer Tel. 0231\/8770126 Fax 0231\/7287507 Inhaber Kristina L\u00f6hlein<\/p>\n","protected":false},"author":1,"featured_media":0,"parent":0,"menu_order":0,"comment_status":"closed","ping_status":"closed","template":"","meta":[],"_links":{"self":[{"href":"http:\/\/xn--lhlein-motorrder-7nb52a.de\/index.php?rest_route=\/wp\/v2\/pages\/35"}],"collection":[{"href":"http:\/\/xn--lhlein-motorrder-7nb52a.de\/index.php?rest_route=\/wp\/v2\/pages"}],"about":[{"href":"http:\/\/xn--lhlein-motorrder-7nb52a.de\/index.php?rest_route=\/wp\/v2\/types\/page"}],"author":[{"embeddable":true,"href":"http:\/\/xn--lhlein-motorrder-7nb52a.de\/index.php?rest_route=\/wp\/v2\/users\/1"}],"replies":[{"embeddable":true,"href":"http:\/\/xn--lhlein-motorrder-7nb52a.de\/index.php?rest_route=%2Fwp%2Fv2%2Fcomments&post=35"}],"version-history":[{"count":3,"href":"http:\/\/xn--lhlein-motorrder-7nb52a.de\/index.php?rest_route=\/wp\/v2\/pages\/35\/revisions"}],"predecessor-version":[{"id":60,"href":"http:\/\/xn--lhlein-motorrder-7nb52a.de\/index.php?rest_route=\/wp\/v2\/pages\/35\/revisions\/60"}],"wp:attachment":[{"href":"http:\/\/xn--lhlein-motorrder-7nb52a.de\/index.php?rest_route=%2Fwp%2Fv2%2Fmedia&parent=35"}],"curies":[{"name":"wp","href":"https:\/\/api.w.org\/{rel}","templated":true}]}}